{"id":28,"date":"2014-07-24T11:18:00","date_gmt":"2014-07-24T10:18:00","guid":{"rendered":"http:\/\/yannickpetit.fr\/press\/?page_id=28"},"modified":"2026-04-07T17:37:06","modified_gmt":"2026-04-07T16:37:06","slug":"programmation","status":"publish","type":"page","link":"https:\/\/yannickpetit.fr\/press\/?page_id=28","title":{"rendered":"Prochaines \u00e9missions"},"content":{"rendered":"<h1 style=\"text-align: center;\">Les \u00e9missions \u00e0 venir sur Radyonne Fm. Chaque samedi, \u00e0 11 h.<\/h1>\r\n<h2 style=\"text-align: justify;\"><span style=\"color: #800000;\"><strong>Dans le d\u00e9partement de l&rsquo;Yonne (89), retrouvez Radyonne sur le 90.5 fm. Partout ailleurs suivez l&rsquo;\u00e9mission en direct, chaque samedi, \u00e0 11 heures, via internet sur radyonne.fr<\/strong><\/span><\/h2>\r\n<p style=\"text-align: justify;\">Samedi <strong>11\u00a0avril 2026<\/strong> : Compte rendu du <strong>3e Salon du Livre r\u00e9gional de Chalaux<\/strong> (58). 2\/2.<\/p>\r\n<p style=\"text-align: justify;\">Samedi <strong>18 avril 2026<\/strong> :Entretien avec <strong>Charles DANTZIG<\/strong> pour \u00ab\u00a0<strong>Inventaire de la Basse P\u00e9riode<\/strong>\u00a0\u00bb (<em>Ed. Grasset<\/em>).<\/p>\r\n<p style=\"text-align: justify;\">Samedi <strong>25\u00a0avril 2026<\/strong> : Entretien avec <strong>Jean-Marc LOISEAU<\/strong> pour son \u00ab\u00a0<strong>Dictionnaire passionn\u00e9 de l&rsquo;horlogerie<\/strong>\u00a0\u00bb (<em>Ed. du Sekoya<\/em>).<a href=\"http:\/\/yannickpetit.fr\/press\/wp-content\/uploads\/2026\/03\/DIC-PASSIONNE-HORLOGERIE-couverture.jpg\"><img loading=\"lazy\" decoding=\"async\" class=\"size-medium wp-image-13719 aligncenter\" src=\"http:\/\/yannickpetit.fr\/press\/wp-content\/uploads\/2026\/03\/DIC-PASSIONNE-HORLOGERIE-couverture-278x300.jpg\" alt=\"\" width=\"278\" height=\"300\" srcset=\"https:\/\/yannickpetit.fr\/press\/wp-content\/uploads\/2026\/03\/DIC-PASSIONNE-HORLOGERIE-couverture-278x300.jpg 278w, https:\/\/yannickpetit.fr\/press\/wp-content\/uploads\/2026\/03\/DIC-PASSIONNE-HORLOGERIE-couverture.jpg 427w\" sizes=\"auto, (max-width: 278px) 100vw, 278px\" \/><\/a><\/p>\r\n<p style=\"text-align: justify;\">Samedi <strong>02 mai 2026<\/strong> : Entretien avec <strong>Jean-Louis FAIVRE<\/strong> pour son dernier roman \u00ab\u00a0<strong>Mathurin petit-Paris\u00a0\u00bb\u00a0 (<\/strong><em>Atelier Plein Chant<\/em><strong>)<\/strong>. Enregistr\u00e9 en public lors du Cercle des Auteurs Bourguignons, \u00e0 Semur-en Auxois (21), le 19 mars 2026.<\/p>\r\n&nbsp;\r\n\r\n&nbsp;\r\n\r\n:\r\n\r\n<!-- \/wp:post-content --><div class=\"pvc_clear\"><\/div><p id=\"pvc_stats_28\" class=\"pvc_stats all  \" data-element-id=\"28\" style=\"\"><i class=\"pvc-stats-icon medium\" aria-hidden=\"true\"><svg aria-hidden=\"true\" focusable=\"false\" data-prefix=\"far\" data-icon=\"chart-bar\" role=\"img\" xmlns=\"http:\/\/www.w3.org\/2000\/svg\" viewBox=\"0 0 512 512\" class=\"svg-inline--fa fa-chart-bar fa-w-16 fa-2x\"><path fill=\"currentColor\" d=\"M396.8 352h22.4c6.4 0 12.8-6.4 12.8-12.8V108.8c0-6.4-6.4-12.8-12.8-12.8h-22.4c-6.4 0-12.8 6.4-12.8 12.8v230.4c0 6.4 6.4 12.8 12.8 12.8zm-192 0h22.4c6.4 0 12.8-6.4 12.8-12.8V140.8c0-6.4-6.4-12.8-12.8-12.8h-22.4c-6.4 0-12.8 6.4-12.8 12.8v198.4c0 6.4 6.4 12.8 12.8 12.8zm96 0h22.4c6.4 0 12.8-6.4 12.8-12.8V204.8c0-6.4-6.4-12.8-12.8-12.8h-22.4c-6.4 0-12.8 6.4-12.8 12.8v134.4c0 6.4 6.4 12.8 12.8 12.8zM496 400H48V80c0-8.84-7.16-16-16-16H16C7.16 64 0 71.16 0 80v336c0 17.67 14.33 32 32 32h464c8.84 0 16-7.16 16-16v-16c0-8.84-7.16-16-16-16zm-387.2-48h22.4c6.4 0 12.8-6.4 12.8-12.8v-70.4c0-6.4-6.4-12.8-12.8-12.8h-22.4c-6.4 0-12.8 6.4-12.8 12.8v70.4c0 6.4 6.4 12.8 12.8 12.8z\" class=\"\"><\/path><\/svg><\/i> <img loading=\"lazy\" decoding=\"async\" width=\"16\" height=\"16\" alt=\"Loading\" src=\"https:\/\/yannickpetit.fr\/press\/wp-content\/plugins\/page-views-count\/ajax-loader-2x.gif\" border=0 \/><\/p><div class=\"pvc_clear\"><\/div>","protected":false},"excerpt":{"rendered":"<p>Les \u00e9missions \u00e0 venir sur Radyonne Fm. Chaque samedi, \u00e0 11 h. Dans le d\u00e9partement de l&rsquo;Yonne (89), retrouvez Radyonne sur le 90.5 fm. Partout ailleurs suivez l&rsquo;\u00e9mission en direct, chaque samedi, \u00e0 11&#46;&#46;&#46;<\/p>\n<div class=\"pvc_clear\"><\/div>\n<p id=\"pvc_stats_28\" class=\"pvc_stats all  \" data-element-id=\"28\" style=\"\"><i class=\"pvc-stats-icon medium\" aria-hidden=\"true\"><svg aria-hidden=\"true\" focusable=\"false\" data-prefix=\"far\" data-icon=\"chart-bar\" role=\"img\" xmlns=\"http:\/\/www.w3.org\/2000\/svg\" viewBox=\"0 0 512 512\" class=\"svg-inline--fa fa-chart-bar fa-w-16 fa-2x\"><path fill=\"currentColor\" d=\"M396.8 352h22.4c6.4 0 12.8-6.4 12.8-12.8V108.8c0-6.4-6.4-12.8-12.8-12.8h-22.4c-6.4 0-12.8 6.4-12.8 12.8v230.4c0 6.4 6.4 12.8 12.8 12.8zm-192 0h22.4c6.4 0 12.8-6.4 12.8-12.8V140.8c0-6.4-6.4-12.8-12.8-12.8h-22.4c-6.4 0-12.8 6.4-12.8 12.8v198.4c0 6.4 6.4 12.8 12.8 12.8zm96 0h22.4c6.4 0 12.8-6.4 12.8-12.8V204.8c0-6.4-6.4-12.8-12.8-12.8h-22.4c-6.4 0-12.8 6.4-12.8 12.8v134.4c0 6.4 6.4 12.8 12.8 12.8zM496 400H48V80c0-8.84-7.16-16-16-16H16C7.16 64 0 71.16 0 80v336c0 17.67 14.33 32 32 32h464c8.84 0 16-7.16 16-16v-16c0-8.84-7.16-16-16-16zm-387.2-48h22.4c6.4 0 12.8-6.4 12.8-12.8v-70.4c0-6.4-6.4-12.8-12.8-12.8h-22.4c-6.4 0-12.8 6.4-12.8 12.8v70.4c0 6.4 6.4 12.8 12.8 12.8z\" class=\"\"><\/path><\/svg><\/i> <img loading=\"lazy\" decoding=\"async\" width=\"16\" height=\"16\" alt=\"Loading\" src=\"https:\/\/yannickpetit.fr\/press\/wp-content\/plugins\/page-views-count\/ajax-loader-2x.gif\" border=0 \/><\/p>\n<div class=\"pvc_clear\"><\/div>\n","protected":false},"author":1,"featured_media":0,"parent":0,"menu_order":0,"comment_status":"open","ping_status":"open","template":"","meta":{"footnotes":""},"class_list":["post-28","page","type-page","status-publish","hentry"],"a3_pvc":{"activated":true,"total_views":21548,"today_views":1},"_links":{"self":[{"href":"https:\/\/yannickpetit.fr\/press\/index.php?rest_route=\/wp\/v2\/pages\/28","targetHints":{"allow":["GET"]}}],"collection":[{"href":"https:\/\/yannickpetit.fr\/press\/index.php?rest_route=\/wp\/v2\/pages"}],"about":[{"href":"https:\/\/yannickpetit.fr\/press\/index.php?rest_route=\/wp\/v2\/types\/page"}],"author":[{"embeddable":true,"href":"https:\/\/yannickpetit.fr\/press\/index.php?rest_route=\/wp\/v2\/users\/1"}],"replies":[{"embeddable":true,"href":"https:\/\/yannickpetit.fr\/press\/index.php?rest_route=%2Fwp%2Fv2%2Fcomments&post=28"}],"version-history":[{"count":1202,"href":"https:\/\/yannickpetit.fr\/press\/index.php?rest_route=\/wp\/v2\/pages\/28\/revisions"}],"predecessor-version":[{"id":13776,"href":"https:\/\/yannickpetit.fr\/press\/index.php?rest_route=\/wp\/v2\/pages\/28\/revisions\/13776"}],"wp:attachment":[{"href":"https:\/\/yannickpetit.fr\/press\/index.php?rest_route=%2Fwp%2Fv2%2Fmedia&parent=28"}],"curies":[{"name":"wp","href":"https:\/\/api.w.org\/{rel}","templated":true}]}}