{"id":6,"date":"2016-05-12T18:34:39","date_gmt":"2016-05-12T16:34:39","guid":{"rendered":"http:\/\/yannickpetit.fr\/lvy\/?page_id=6"},"modified":"2017-01-11T06:20:33","modified_gmt":"2017-01-11T05:20:33","slug":"prochaines-emissions","status":"publish","type":"page","link":"http:\/\/yannickpetit.fr\/lvy\/?page_id=6","title":{"rendered":"Prochaines \u00e9missions"},"content":{"rendered":"<h3>LA VIE DE L&rsquo;YONNE : chaque lundi \u00e0 20 heures (rediffusion le samedi \u00e0 11 h).<\/h3>\n<p>A suivre sur Radyonne (90.5 fm) ou via internet sur <a href=\"http:\/\/radyonne.fr\/\" target=\"_blank\">radyonne.fr<\/a><\/p>\n<p style=\"text-align: justify;\"><span style=\"color: #333399;\"><strong>Samedi 14 janvier 2017<\/strong><\/span> (20 h.) : Entretien avec <strong>Dominique MARY<\/strong>. Ancienne professeur d&rsquo;Anglais, chef de file de l&rsquo;UMP dans l&rsquo;Yonne, et ancienne conseill\u00e8re municipale d&rsquo;Auxerre.<\/p>\n<p style=\"text-align: justify;\"><a href=\"http:\/\/yannickpetit.fr\/lvy\/wp-content\/uploads\/2017\/01\/portrait-de-dominique-mary-auxerre-le-07-09-11-photo-florian_1029297.jpeg\"><img loading=\"lazy\" decoding=\"async\" class=\"size-medium wp-image-494 aligncenter\" src=\"http:\/\/yannickpetit.fr\/lvy\/wp-content\/uploads\/2017\/01\/portrait-de-dominique-mary-auxerre-le-07-09-11-photo-florian_1029297-300x140.jpeg\" alt=\"portrait-de-dominique-mary-auxerre-le-07-09-11-photo-florian_1029297\" width=\"300\" height=\"140\" srcset=\"http:\/\/yannickpetit.fr\/lvy\/wp-content\/uploads\/2017\/01\/portrait-de-dominique-mary-auxerre-le-07-09-11-photo-florian_1029297-300x140.jpeg 300w, http:\/\/yannickpetit.fr\/lvy\/wp-content\/uploads\/2017\/01\/portrait-de-dominique-mary-auxerre-le-07-09-11-photo-florian_1029297-520x245.jpeg 520w, http:\/\/yannickpetit.fr\/lvy\/wp-content\/uploads\/2017\/01\/portrait-de-dominique-mary-auxerre-le-07-09-11-photo-florian_1029297.jpeg 651w\" sizes=\"auto, (max-width: 300px) 100vw, 300px\" \/><\/a><\/p>\n<p style=\"text-align: justify;\">Lundi <strong>16 janvier<\/strong> 2017 (20 h.) : <strong>Denis PERROT<\/strong>, cr\u00e9ateur de DNI Informatique (\u00e0 Noyers-Sur-Serein).<\/p>\n<p style=\"text-align: justify;\">Lundi <strong>23 janvier<\/strong> 2017 (20 h.) : <strong>Aldo MAGNO<\/strong>, com\u00e9dien de th\u00e9\u00e2tre et metteur en sc\u00e8ne.<\/p>\n<p style=\"text-align: justify;\"><a href=\"http:\/\/yannickpetit.fr\/lvy\/wp-content\/uploads\/2016\/05\/MAGNO-ALDO.jpg\"><img loading=\"lazy\" decoding=\"async\" class=\"size-medium wp-image-509 aligncenter\" src=\"http:\/\/yannickpetit.fr\/lvy\/wp-content\/uploads\/2016\/05\/MAGNO-ALDO-300x300.jpg\" alt=\"magno-aldo\" width=\"300\" height=\"300\" srcset=\"http:\/\/yannickpetit.fr\/lvy\/wp-content\/uploads\/2016\/05\/MAGNO-ALDO-300x300.jpg 300w, http:\/\/yannickpetit.fr\/lvy\/wp-content\/uploads\/2016\/05\/MAGNO-ALDO-150x150.jpg 150w, http:\/\/yannickpetit.fr\/lvy\/wp-content\/uploads\/2016\/05\/MAGNO-ALDO-160x160.jpg 160w, http:\/\/yannickpetit.fr\/lvy\/wp-content\/uploads\/2016\/05\/MAGNO-ALDO.jpg 647w\" sizes=\"auto, (max-width: 300px) 100vw, 300px\" \/><\/a><\/p>\n<p style=\"text-align: justify;\">Lundi <strong>30 janvier<\/strong> 2017 (20 h.) : <strong>Ga\u00e9tan QUILLIN<\/strong>, (24 ans), chef cuisinier au Bourgogne (\u00e0 Auxerre).<\/p>\n<p style=\"text-align: justify;\"><a href=\"http:\/\/yannickpetit.fr\/lvy\/wp-content\/uploads\/2016\/05\/QUILLIN-Ga\u00e9tan.jpg\"><img loading=\"lazy\" decoding=\"async\" class=\"size-medium wp-image-511 aligncenter\" src=\"http:\/\/yannickpetit.fr\/lvy\/wp-content\/uploads\/2016\/05\/QUILLIN-Ga\u00e9tan-300x300.jpg\" alt=\"quillin-gaetan\" width=\"300\" height=\"300\" srcset=\"http:\/\/yannickpetit.fr\/lvy\/wp-content\/uploads\/2016\/05\/QUILLIN-Ga\u00e9tan-300x300.jpg 300w, http:\/\/yannickpetit.fr\/lvy\/wp-content\/uploads\/2016\/05\/QUILLIN-Ga\u00e9tan-150x150.jpg 150w, http:\/\/yannickpetit.fr\/lvy\/wp-content\/uploads\/2016\/05\/QUILLIN-Ga\u00e9tan-768x768.jpg 768w, http:\/\/yannickpetit.fr\/lvy\/wp-content\/uploads\/2016\/05\/QUILLIN-Ga\u00e9tan-160x160.jpg 160w, http:\/\/yannickpetit.fr\/lvy\/wp-content\/uploads\/2016\/05\/QUILLIN-Ga\u00e9tan.jpg 960w\" sizes=\"auto, (max-width: 300px) 100vw, 300px\" \/><\/a><\/p>\n<p>&nbsp;<\/p>\n<div class=\"pvc_clear\"><\/div>\n<p id=\"pvc_stats_6\" class=\"pvc_stats all  \" data-element-id=\"6\" style=\"\"><i class=\"pvc-stats-icon medium\" aria-hidden=\"true\"><svg aria-hidden=\"true\" focusable=\"false\" data-prefix=\"far\" data-icon=\"chart-bar\" role=\"img\" xmlns=\"http:\/\/www.w3.org\/2000\/svg\" viewBox=\"0 0 512 512\" class=\"svg-inline--fa fa-chart-bar fa-w-16 fa-2x\"><path fill=\"currentColor\" d=\"M396.8 352h22.4c6.4 0 12.8-6.4 12.8-12.8V108.8c0-6.4-6.4-12.8-12.8-12.8h-22.4c-6.4 0-12.8 6.4-12.8 12.8v230.4c0 6.4 6.4 12.8 12.8 12.8zm-192 0h22.4c6.4 0 12.8-6.4 12.8-12.8V140.8c0-6.4-6.4-12.8-12.8-12.8h-22.4c-6.4 0-12.8 6.4-12.8 12.8v198.4c0 6.4 6.4 12.8 12.8 12.8zm96 0h22.4c6.4 0 12.8-6.4 12.8-12.8V204.8c0-6.4-6.4-12.8-12.8-12.8h-22.4c-6.4 0-12.8 6.4-12.8 12.8v134.4c0 6.4 6.4 12.8 12.8 12.8zM496 400H48V80c0-8.84-7.16-16-16-16H16C7.16 64 0 71.16 0 80v336c0 17.67 14.33 32 32 32h464c8.84 0 16-7.16 16-16v-16c0-8.84-7.16-16-16-16zm-387.2-48h22.4c6.4 0 12.8-6.4 12.8-12.8v-70.4c0-6.4-6.4-12.8-12.8-12.8h-22.4c-6.4 0-12.8 6.4-12.8 12.8v70.4c0 6.4 6.4 12.8 12.8 12.8z\" class=\"\"><\/path><\/svg><\/i> <img loading=\"lazy\" decoding=\"async\" width=\"16\" height=\"16\" alt=\"Loading\" src=\"http:\/\/yannickpetit.fr\/lvy\/wp-content\/plugins\/page-views-count\/ajax-loader-2x.gif\" border=0 \/><\/p>\n<div class=\"pvc_clear\"><\/div>\n","protected":false},"excerpt":{"rendered":"<p>LA VIE DE L&rsquo;YONNE : chaque lundi \u00e0 20 heures (rediffusion le samedi \u00e0 11 h). A suivre sur Radyonne (90.5 fm) ou via internet sur radyonne.fr Samedi 14 janvier 2017 (20 h.) :&#46;&#46;&#46;<\/p>\n<div class=\"pvc_clear\"><\/div>\n<p id=\"pvc_stats_6\" class=\"pvc_stats all  \" data-element-id=\"6\" style=\"\"><i class=\"pvc-stats-icon medium\" aria-hidden=\"true\"><svg aria-hidden=\"true\" focusable=\"false\" data-prefix=\"far\" data-icon=\"chart-bar\" role=\"img\" xmlns=\"http:\/\/www.w3.org\/2000\/svg\" viewBox=\"0 0 512 512\" class=\"svg-inline--fa fa-chart-bar fa-w-16 fa-2x\"><path fill=\"currentColor\" d=\"M396.8 352h22.4c6.4 0 12.8-6.4 12.8-12.8V108.8c0-6.4-6.4-12.8-12.8-12.8h-22.4c-6.4 0-12.8 6.4-12.8 12.8v230.4c0 6.4 6.4 12.8 12.8 12.8zm-192 0h22.4c6.4 0 12.8-6.4 12.8-12.8V140.8c0-6.4-6.4-12.8-12.8-12.8h-22.4c-6.4 0-12.8 6.4-12.8 12.8v198.4c0 6.4 6.4 12.8 12.8 12.8zm96 0h22.4c6.4 0 12.8-6.4 12.8-12.8V204.8c0-6.4-6.4-12.8-12.8-12.8h-22.4c-6.4 0-12.8 6.4-12.8 12.8v134.4c0 6.4 6.4 12.8 12.8 12.8zM496 400H48V80c0-8.84-7.16-16-16-16H16C7.16 64 0 71.16 0 80v336c0 17.67 14.33 32 32 32h464c8.84 0 16-7.16 16-16v-16c0-8.84-7.16-16-16-16zm-387.2-48h22.4c6.4 0 12.8-6.4 12.8-12.8v-70.4c0-6.4-6.4-12.8-12.8-12.8h-22.4c-6.4 0-12.8 6.4-12.8 12.8v70.4c0 6.4 6.4 12.8 12.8 12.8z\" class=\"\"><\/path><\/svg><\/i> <img loading=\"lazy\" decoding=\"async\" width=\"16\" height=\"16\" alt=\"Loading\" src=\"http:\/\/yannickpetit.fr\/lvy\/wp-content\/plugins\/page-views-count\/ajax-loader-2x.gif\" border=0 \/><\/p>\n<div class=\"pvc_clear\"><\/div>\n","protected":false},"author":1,"featured_media":0,"parent":0,"menu_order":0,"comment_status":"closed","ping_status":"closed","template":"","meta":{"footnotes":""},"class_list":["post-6","page","type-page","status-publish","hentry"],"a3_pvc":{"activated":true,"total_views":159,"today_views":0},"_links":{"self":[{"href":"http:\/\/yannickpetit.fr\/lvy\/index.php?rest_route=\/wp\/v2\/pages\/6","targetHints":{"allow":["GET"]}}],"collection":[{"href":"http:\/\/yannickpetit.fr\/lvy\/index.php?rest_route=\/wp\/v2\/pages"}],"about":[{"href":"http:\/\/yannickpetit.fr\/lvy\/index.php?rest_route=\/wp\/v2\/types\/page"}],"author":[{"embeddable":true,"href":"http:\/\/yannickpetit.fr\/lvy\/index.php?rest_route=\/wp\/v2\/users\/1"}],"replies":[{"embeddable":true,"href":"http:\/\/yannickpetit.fr\/lvy\/index.php?rest_route=%2Fwp%2Fv2%2Fcomments&post=6"}],"version-history":[{"count":31,"href":"http:\/\/yannickpetit.fr\/lvy\/index.php?rest_route=\/wp\/v2\/pages\/6\/revisions"}],"predecessor-version":[{"id":516,"href":"http:\/\/yannickpetit.fr\/lvy\/index.php?rest_route=\/wp\/v2\/pages\/6\/revisions\/516"}],"wp:attachment":[{"href":"http:\/\/yannickpetit.fr\/lvy\/index.php?rest_route=%2Fwp%2Fv2%2Fmedia&parent=6"}],"curies":[{"name":"wp","href":"https:\/\/api.w.org\/{rel}","templated":true}]}}